{"id":257,"date":"2024-10-06T12:52:34","date_gmt":"2024-10-06T10:52:34","guid":{"rendered":"https:\/\/shoodies.de\/stopselclub-mietraching\/produkt\/weisse-glaenzende-tasse\/"},"modified":"2024-10-07T17:37:36","modified_gmt":"2024-10-07T15:37:36","slug":"weisse-glaenzende-tasse","status":"publish","type":"product","link":"https:\/\/shoodies.de\/stopselclub-mietraching\/produkt\/weisse-glaenzende-tasse\/","title":{"rendered":"Kaffeebecher 500 ml"},"content":{"rendered":"<p>Ob Morgenkaffee, Abendtee oder einfach etwas dazwischen &#8211; dieser Becher ist genau das Richtige f\u00fcr dich! Der robuste, gl\u00e4nzende Becher mit dem leuchtenden Aufdruck ist mikrowellen- und sp\u00fclmaschinenfest.<\/p>\n<p>\u2022 Keramikbecherabmessungen<br \/>\n\u2022 500 ml: H\u00f6he 10,9 cm, 9,3 cm Durchmesser<br \/>\n\u2022 Sp\u00fclmaschinen- und mikrowellengeeignet<\/p>\n","protected":false},"excerpt":{"rendered":"<p>Ob Morgenkaffee, Abendtee oder einfach etwas dazwischen &#8211; dieser Becher ist genau das Richtige f\u00fcr dich! Der robuste, gl\u00e4nzende Becher mit dem leuchtenden Aufdruck ist mikrowellen- und sp\u00fclmaschinenfest. \u2022 Keramikbecherabmessungen \u2022 500 ml: H\u00f6he 10,9 cm, 9,3 cm Durchmesser \u2022 Sp\u00fclmaschinen- und mikrowellengeeignet<\/p>\n","protected":false},"featured_media":258,"comment_status":"open","ping_status":"closed","template":"","meta":[],"product_brand":[],"product_cat":[34],"product_tag":[],"class_list":{"0":"post-257","1":"product","2":"type-product","3":"status-publish","4":"has-post-thumbnail","6":"product_cat-accessoires","8":"first","9":"instock","10":"taxable","11":"shipping-taxable","12":"purchasable","13":"product-type-simple"},"jetpack_sharing_enabled":true,"_links":{"self":[{"href":"https:\/\/shoodies.de\/stopselclub-mietraching\/wp-json\/wp\/v2\/product\/257","targetHints":{"allow":["GET"]}}],"collection":[{"href":"https:\/\/shoodies.de\/stopselclub-mietraching\/wp-json\/wp\/v2\/product"}],"about":[{"href":"https:\/\/shoodies.de\/stopselclub-mietraching\/wp-json\/wp\/v2\/types\/product"}],"replies":[{"embeddable":true,"href":"https:\/\/shoodies.de\/stopselclub-mietraching\/wp-json\/wp\/v2\/comments?post=257"}],"wp:featuredmedia":[{"embeddable":true,"href":"https:\/\/shoodies.de\/stopselclub-mietraching\/wp-json\/wp\/v2\/media\/258"}],"wp:attachment":[{"href":"https:\/\/shoodies.de\/stopselclub-mietraching\/wp-json\/wp\/v2\/media?parent=257"}],"wp:term":[{"taxonomy":"product_brand","embeddable":true,"href":"https:\/\/shoodies.de\/stopselclub-mietraching\/wp-json\/wp\/v2\/product_brand?post=257"},{"taxonomy":"product_cat","embeddable":true,"href":"https:\/\/shoodies.de\/stopselclub-mietraching\/wp-json\/wp\/v2\/product_cat?post=257"},{"taxonomy":"product_tag","embeddable":true,"href":"https:\/\/shoodies.de\/stopselclub-mietraching\/wp-json\/wp\/v2\/product_tag?post=257"}],"curies":[{"name":"wp","href":"https:\/\/api.w.org\/{rel}","templated":true}]}}