{"id":163,"date":"2024-10-05T16:24:40","date_gmt":"2024-10-05T14:24:40","guid":{"rendered":"https:\/\/shoodies.de\/stopselclub-mietraching\/produkt\/hoodie\/"},"modified":"2024-10-05T16:49:26","modified_gmt":"2024-10-05T14:49:26","slug":"hoodie","status":"publish","type":"product","link":"https:\/\/shoodies.de\/stopselclub-mietraching\/produkt\/hoodie\/","title":{"rendered":"Herren-Hoodie"},"content":{"rendered":"<p>Jeder braucht einen gem\u00fctlichen Hoodie, in den man sich einkuscheln kann, also entscheide dich f\u00fcr einen, der weich, glatt und stylisch ist. Er ist die perfekte Wahl f\u00fcr k\u00fchlere Abende!<\/p>\n<p>\u2022 50 % vorgeschrumpfte Baumwolle, 50\u00a0% Polyester<br \/>\n\u2022 Stoffgewicht: 271,25 g\/m\u00b2 (8,0 oz\/yd\u00b2)<br \/>\n\u2022 Luftgesponnenes Garn mit weichem Griff und geringer Kn\u00f6tchenbildung<br \/>\n\u2022 Doppelt gef\u00fctterte Kapuze mit passendem Kordelzug<br \/>\n\u2022 Viertelgedrehter Oberk\u00f6rper um Knitterfalten in der Mitte zu vermeiden<br \/>\n\u2022 1 \u00d7 1 athletische Rippstrickb\u00fcndchen und Bund mit Elasthan<br \/>\n\u2022 Beuteltasche vorne<br \/>\n\u2022 Kragen, Schultern, Armausschnitte, B\u00fcndchen und Saum doppelt gen\u00e4ht<\/p>\n","protected":false},"excerpt":{"rendered":"<p>Jeder braucht einen gem\u00fctlichen Hoodie, in den man sich einkuscheln kann, also entscheide dich f\u00fcr einen, der weich, glatt und stylisch ist. Er ist die perfekte Wahl f\u00fcr k\u00fchlere Abende! \u2022 50 % vorgeschrumpfte Baumwolle, 50\u00a0% Polyester \u2022 Stoffgewicht: 271,25 g\/m\u00b2 (8,0 oz\/yd\u00b2) \u2022 Luftgesponnenes Garn mit weichem Griff und geringer Kn\u00f6tchenbildung \u2022 Doppelt gef\u00fctterte [&hellip;]<\/p>\n","protected":false},"featured_media":174,"comment_status":"open","ping_status":"closed","template":"","meta":[],"product_brand":[],"product_cat":[32],"product_tag":[],"class_list":{"0":"post-163","1":"product","2":"type-product","3":"status-publish","4":"has-post-thumbnail","6":"product_cat-pullover","8":"first","9":"instock","10":"taxable","11":"shipping-taxable","12":"purchasable","13":"product-type-variable"},"jetpack_sharing_enabled":true,"_links":{"self":[{"href":"https:\/\/shoodies.de\/stopselclub-mietraching\/wp-json\/wp\/v2\/product\/163","targetHints":{"allow":["GET"]}}],"collection":[{"href":"https:\/\/shoodies.de\/stopselclub-mietraching\/wp-json\/wp\/v2\/product"}],"about":[{"href":"https:\/\/shoodies.de\/stopselclub-mietraching\/wp-json\/wp\/v2\/types\/product"}],"replies":[{"embeddable":true,"href":"https:\/\/shoodies.de\/stopselclub-mietraching\/wp-json\/wp\/v2\/comments?post=163"}],"wp:featuredmedia":[{"embeddable":true,"href":"https:\/\/shoodies.de\/stopselclub-mietraching\/wp-json\/wp\/v2\/media\/174"}],"wp:attachment":[{"href":"https:\/\/shoodies.de\/stopselclub-mietraching\/wp-json\/wp\/v2\/media?parent=163"}],"wp:term":[{"taxonomy":"product_brand","embeddable":true,"href":"https:\/\/shoodies.de\/stopselclub-mietraching\/wp-json\/wp\/v2\/product_brand?post=163"},{"taxonomy":"product_cat","embeddable":true,"href":"https:\/\/shoodies.de\/stopselclub-mietraching\/wp-json\/wp\/v2\/product_cat?post=163"},{"taxonomy":"product_tag","embeddable":true,"href":"https:\/\/shoodies.de\/stopselclub-mietraching\/wp-json\/wp\/v2\/product_tag?post=163"}],"curies":[{"name":"wp","href":"https:\/\/api.w.org\/{rel}","templated":true}]}}