{"id":128,"date":"2024-10-05T16:19:47","date_gmt":"2024-10-05T14:19:47","guid":{"rendered":"https:\/\/shoodies.de\/stopselclub-mietraching\/produkt\/basic-unisex-windbreaker\/"},"modified":"2024-10-05T16:49:52","modified_gmt":"2024-10-05T14:49:52","slug":"basic-unisex-windbreaker","status":"publish","type":"product","link":"https:\/\/shoodies.de\/stopselclub-mietraching\/produkt\/basic-unisex-windbreaker\/","title":{"rendered":"Regenjacke"},"content":{"rendered":"<p>Egal, ob du wandern gehst, campst oder einfach nur Besorgungen machen musst: mit dieser l\u00e4ssigen, sportlichen Windjacke bist du bestens ausger\u00fcstet. Es ist sehr leicht, langlebig und wasserabweisend. Diese Unisex-Windjacke hat einen Rei\u00dfverschluss und elastische \u00c4rmelb\u00fcndchen f\u00fcr einen bequemen Sitz und Tragekomfort. Au\u00dferdem verf\u00fcgt sie \u00fcber zwei Rei\u00dfverschlusstaschen, in denen du deine wichtigsten Utensilien f\u00fcr unterwegs unterbringen kannst. Mit dieser klassischen Windjacke bist du bei all deinen Abenteuern stilvoll gesch\u00fctzt.<\/p>\n<p>&#8211; 100 % Polyamid<br \/>\n\u2022 Stoffgewicht: 202 g\/m\u00b2 (7.13 oz.\/yd.\u00b2)<br \/>\n\u2022 Regul\u00e4re Passform<br \/>\n\u2022 Kapuze mit Kordelzug, Rei\u00dfverschluss, elastischen B\u00fcndchen und Saum<br \/>\n\u2022 2 Rei\u00dfverschlusstaschen<br \/>\n\u2022 Der Stoff dieses Produkts ist nach OEKO-TEX Standard 100 zertifiziert und PETA-anerkannt vegan<\/p>\n","protected":false},"excerpt":{"rendered":"<p>Egal, ob du wandern gehst, campst oder einfach nur Besorgungen machen musst: mit dieser l\u00e4ssigen, sportlichen Windjacke bist du bestens ausger\u00fcstet. Es ist sehr leicht, langlebig und wasserabweisend. Diese Unisex-Windjacke hat einen Rei\u00dfverschluss und elastische \u00c4rmelb\u00fcndchen f\u00fcr einen bequemen Sitz und Tragekomfort. Au\u00dferdem verf\u00fcgt sie \u00fcber zwei Rei\u00dfverschlusstaschen, in denen du deine wichtigsten Utensilien f\u00fcr [&hellip;]<\/p>\n","protected":false},"featured_media":135,"comment_status":"open","ping_status":"closed","template":"","meta":[],"product_brand":[],"product_cat":[33],"product_tag":[],"class_list":{"0":"post-128","1":"product","2":"type-product","3":"status-publish","4":"has-post-thumbnail","6":"product_cat-jacken","8":"first","9":"instock","10":"taxable","11":"shipping-taxable","12":"purchasable","13":"product-type-variable"},"jetpack_sharing_enabled":true,"_links":{"self":[{"href":"https:\/\/shoodies.de\/stopselclub-mietraching\/wp-json\/wp\/v2\/product\/128","targetHints":{"allow":["GET"]}}],"collection":[{"href":"https:\/\/shoodies.de\/stopselclub-mietraching\/wp-json\/wp\/v2\/product"}],"about":[{"href":"https:\/\/shoodies.de\/stopselclub-mietraching\/wp-json\/wp\/v2\/types\/product"}],"replies":[{"embeddable":true,"href":"https:\/\/shoodies.de\/stopselclub-mietraching\/wp-json\/wp\/v2\/comments?post=128"}],"wp:featuredmedia":[{"embeddable":true,"href":"https:\/\/shoodies.de\/stopselclub-mietraching\/wp-json\/wp\/v2\/media\/135"}],"wp:attachment":[{"href":"https:\/\/shoodies.de\/stopselclub-mietraching\/wp-json\/wp\/v2\/media?parent=128"}],"wp:term":[{"taxonomy":"product_brand","embeddable":true,"href":"https:\/\/shoodies.de\/stopselclub-mietraching\/wp-json\/wp\/v2\/product_brand?post=128"},{"taxonomy":"product_cat","embeddable":true,"href":"https:\/\/shoodies.de\/stopselclub-mietraching\/wp-json\/wp\/v2\/product_cat?post=128"},{"taxonomy":"product_tag","embeddable":true,"href":"https:\/\/shoodies.de\/stopselclub-mietraching\/wp-json\/wp\/v2\/product_tag?post=128"}],"curies":[{"name":"wp","href":"https:\/\/api.w.org\/{rel}","templated":true}]}}