{"id":113,"date":"2024-10-05T16:18:20","date_gmt":"2024-10-05T14:18:20","guid":{"rendered":"https:\/\/shoodies.de\/stopselclub-mietraching\/produkt\/poloshirt\/"},"modified":"2024-10-05T16:50:23","modified_gmt":"2024-10-05T14:50:23","slug":"poloshirt","status":"publish","type":"product","link":"https:\/\/shoodies.de\/stopselclub-mietraching\/produkt\/poloshirt\/","title":{"rendered":"Herren-Poloshirt"},"content":{"rendered":"<p>Dieses Polo mit Port Authority-Stickerei ist ein Klassiker, der nie aus der Mode kommt. Es hat eine v\u00f6llig entspannte Passform, seidigen Stoff und eine bequeme L\u00e4nge. Besorge dir ein Polo f\u00fcr dich selbst und sieh zu, wie es zu einem echten Outfit-Wunder in deinem Kleiderschrank wird.<\/p>\n<p>\u2022 65 % Polyester, 35 % Baumwoll-Pikee<br \/>\n\u2022 Stoffgewicht: 169,5 g\/m\u00b2<br \/>\n\u2022 Entspannte Passform, die gro\u00df ausf\u00e4llt<br \/>\n\u2022 Flachgestrickter Kragen und Manschetten<br \/>\n\u2022 Metallkn\u00f6pfe mit passend eingef\u00e4rbten Kunststoffr\u00e4ndern<br \/>\n\u2022 Seitliche Bel\u00fcftungs\u00f6ffnungen f\u00fcr Atmungsaktivit\u00e4t<\/p>\n","protected":false},"excerpt":{"rendered":"<p>Dieses Polo mit Port Authority-Stickerei ist ein Klassiker, der nie aus der Mode kommt. Es hat eine v\u00f6llig entspannte Passform, seidigen Stoff und eine bequeme L\u00e4nge. Besorge dir ein Polo f\u00fcr dich selbst und sieh zu, wie es zu einem echten Outfit-Wunder in deinem Kleiderschrank wird. \u2022 65 % Polyester, 35 % Baumwoll-Pikee \u2022 Stoffgewicht: [&hellip;]<\/p>\n","protected":false},"featured_media":124,"comment_status":"open","ping_status":"closed","template":"","meta":[],"product_brand":[],"product_cat":[31],"product_tag":[],"class_list":{"0":"post-113","1":"product","2":"type-product","3":"status-publish","4":"has-post-thumbnail","6":"product_cat-poloshirt","8":"first","9":"instock","10":"taxable","11":"shipping-taxable","12":"purchasable","13":"product-type-variable"},"jetpack_sharing_enabled":true,"_links":{"self":[{"href":"https:\/\/shoodies.de\/stopselclub-mietraching\/wp-json\/wp\/v2\/product\/113","targetHints":{"allow":["GET"]}}],"collection":[{"href":"https:\/\/shoodies.de\/stopselclub-mietraching\/wp-json\/wp\/v2\/product"}],"about":[{"href":"https:\/\/shoodies.de\/stopselclub-mietraching\/wp-json\/wp\/v2\/types\/product"}],"replies":[{"embeddable":true,"href":"https:\/\/shoodies.de\/stopselclub-mietraching\/wp-json\/wp\/v2\/comments?post=113"}],"wp:featuredmedia":[{"embeddable":true,"href":"https:\/\/shoodies.de\/stopselclub-mietraching\/wp-json\/wp\/v2\/media\/124"}],"wp:attachment":[{"href":"https:\/\/shoodies.de\/stopselclub-mietraching\/wp-json\/wp\/v2\/media?parent=113"}],"wp:term":[{"taxonomy":"product_brand","embeddable":true,"href":"https:\/\/shoodies.de\/stopselclub-mietraching\/wp-json\/wp\/v2\/product_brand?post=113"},{"taxonomy":"product_cat","embeddable":true,"href":"https:\/\/shoodies.de\/stopselclub-mietraching\/wp-json\/wp\/v2\/product_cat?post=113"},{"taxonomy":"product_tag","embeddable":true,"href":"https:\/\/shoodies.de\/stopselclub-mietraching\/wp-json\/wp\/v2\/product_tag?post=113"}],"curies":[{"name":"wp","href":"https:\/\/api.w.org\/{rel}","templated":true}]}}