{"id":733,"date":"2024-10-13T12:59:34","date_gmt":"2024-10-13T10:59:34","guid":{"rendered":"https:\/\/shoodies.de\/dlrg-bad-aibling\/produkt\/t-shirt-damen-freizeitkollektion\/"},"modified":"2026-04-18T06:47:49","modified_gmt":"2026-04-18T04:47:49","slug":"t-shirt-damen-freizeitkollektion","status":"publish","type":"product","link":"https:\/\/shoodies.de\/dlrg-bad-aibling\/produkt\/t-shirt-damen-freizeitkollektion\/","title":{"rendered":"T-Shirt Damen (Freizeitkollektion)"},"content":{"rendered":"<p><strong>Beschreibung:<\/strong><br \/>\n100% einlaufvorbehandelte Ringspun-Baumwolle | Zeitgem\u00e4\u00dfe Passform | Seitenn\u00e4hte | Schmaler Kragen aus Rippstrick unterstreicht die moderne Kragen\u00f6ffnung | Bequeme L\u00e4nge | Satin-Label | 100 % ringgesponnene Baumwolle | Einlaufvorbehandelt | Single Jersey | Strapazierf\u00e4higer Stoff | Weiche und ebenm\u00e4\u00dfige Oberfl\u00e4che<\/p>\n<p><strong>Pflegehinweise:<\/strong><br \/>\nTrockner geeignet|B\u00fcgeln erlaubt|40 \u00b0C waschbar<\/p>\n<p><strong>Zusammensetzung:<\/strong><br \/>\n100% Baumwolle<\/p>\n<p><strong>Veredelung:<\/strong><br \/>\nVorderseite: Bestickt mit der DLRG Wortmarke und Bad Aibling<br \/>\nR\u00fcckseite: Bedruckt mit dem &#8222;to be a lifeguard&#8220; Motiv<\/p>\n","protected":false},"excerpt":{"rendered":"<p><strong>Beschreibung:<\/strong><br \/>\n100% einlaufvorbehandelte Ringspun-Baumwolle | Zeitgem\u00e4\u00dfe Passform | Seitenn\u00e4hte | Schmaler Kragen aus Rippstrick unterstreicht die moderne Kragen\u00f6ffnung | Bequeme L\u00e4nge | Satin-Label | 100 % ringgesponnene Baumwolle | Einlaufvorbehandelt | Single Jersey | Strapazierf\u00e4higer Stoff | Weiche und ebenm\u00e4\u00dfige Oberfl\u00e4che<\/p>\n<p><strong>Pflegehinweise:<\/strong><br \/>\nTrockner geeignet|B\u00fcgeln erlaubt|40 \u00b0C waschbar<\/p>\n<p><strong>Zusammensetzung:<\/strong><br \/>\n100% Baumwolle<\/p>\n<p><strong>Veredelung:<\/strong><br \/>\nVorderseite: Bestickt mit der DLRG Wortmarke und Bad Aibling<br \/>\nR\u00fcckseite: Bedruckt mit dem &#8222;to be a lifeguard&#8220; Motiv<\/p>\n","protected":false},"featured_media":734,"comment_status":"open","ping_status":"closed","template":"","meta":[],"product_brand":[],"product_cat":[40],"product_tag":[],"class_list":{"0":"post-733","1":"product","2":"type-product","3":"status-publish","4":"has-post-thumbnail","6":"product_cat-freizeitbekleidung-stammverband","8":"first","9":"instock","10":"taxable","11":"shipping-taxable","12":"purchasable","13":"product-type-variable","14":"has-default-attributes"},"_links":{"self":[{"href":"https:\/\/shoodies.de\/dlrg-bad-aibling\/wp-json\/wp\/v2\/product\/733","targetHints":{"allow":["GET"]}}],"collection":[{"href":"https:\/\/shoodies.de\/dlrg-bad-aibling\/wp-json\/wp\/v2\/product"}],"about":[{"href":"https:\/\/shoodies.de\/dlrg-bad-aibling\/wp-json\/wp\/v2\/types\/product"}],"replies":[{"embeddable":true,"href":"https:\/\/shoodies.de\/dlrg-bad-aibling\/wp-json\/wp\/v2\/comments?post=733"}],"wp:featuredmedia":[{"embeddable":true,"href":"https:\/\/shoodies.de\/dlrg-bad-aibling\/wp-json\/wp\/v2\/media\/734"}],"wp:attachment":[{"href":"https:\/\/shoodies.de\/dlrg-bad-aibling\/wp-json\/wp\/v2\/media?parent=733"}],"wp:term":[{"taxonomy":"product_brand","embeddable":true,"href":"https:\/\/shoodies.de\/dlrg-bad-aibling\/wp-json\/wp\/v2\/product_brand?post=733"},{"taxonomy":"product_cat","embeddable":true,"href":"https:\/\/shoodies.de\/dlrg-bad-aibling\/wp-json\/wp\/v2\/product_cat?post=733"},{"taxonomy":"product_tag","embeddable":true,"href":"https:\/\/shoodies.de\/dlrg-bad-aibling\/wp-json\/wp\/v2\/product_tag?post=733"}],"curies":[{"name":"wp","href":"https:\/\/api.w.org\/{rel}","templated":true}]}}