{"id":667,"date":"2024-10-13T12:54:24","date_gmt":"2024-10-13T10:54:24","guid":{"rendered":"https:\/\/shoodies.de\/dlrg-bad-aibling\/produkt\/hoodie-damen-freizeitkollektion\/"},"modified":"2026-04-14T06:39:15","modified_gmt":"2026-04-14T04:39:15","slug":"hoodie-damen-freizeitkollektion","status":"publish","type":"product","link":"https:\/\/shoodies.de\/dlrg-bad-aibling\/produkt\/hoodie-damen-freizeitkollektion\/","title":{"rendered":"Hoodie Damen (Freizeitkollektion)"},"content":{"rendered":"<p><strong>Beschreibung:<\/strong><br \/>\nGirlie fit | Details mit Doppeln\u00e4hten | Doppelte Kapuze | K\u00e4ngurutaschen | Kordeln in gleicher Farbe | Ripp-B\u00fcndchen und -Saum | Geripptes Detail am Rand der Haupttasche | Innen angeraut<\/p>\n<p><strong>Pflegehinweise:<\/strong><br \/>\n30 \u00b0C waschbar|Trockner geeignet|B\u00fcgeln erlaubt<\/p>\n<p><strong>Zusammensetzung:<\/strong><br \/>\n80% Baumwolle \/ 20% Polyester<\/p>\n<p><strong>Veredelung:<\/strong><br \/>\nVorderseite: Bestickt mit der DLRG Wortmarke und Bad Aibling<br \/>\nR\u00fcckseite: Bedruckt mit dem &#8222;to be a lifeguard&#8220; Motiv<\/p>\n","protected":false},"excerpt":{"rendered":"<p><strong>Beschreibung:<\/strong><br \/>\nGirlie fit | Details mit Doppeln\u00e4hten | Doppelte Kapuze | K\u00e4ngurutaschen | Kordeln in gleicher Farbe | Ripp-B\u00fcndchen und -Saum | Geripptes Detail am Rand der Haupttasche | Innen angeraut<\/p>\n<p><strong>Pflegehinweise:<\/strong><br \/>\n30 \u00b0C waschbar|Trockner geeignet|B\u00fcgeln erlaubt<\/p>\n<p><strong>Zusammensetzung:<\/strong><br \/>\n80% Baumwolle \/ 20% Polyester<\/p>\n<p><strong>Veredelung:<\/strong><br \/>\nVorderseite: Bestickt mit der DLRG Wortmarke und Bad Aibling<br \/>\nR\u00fcckseite: Bedruckt mit dem &#8222;to be a lifeguard&#8220; Motiv<\/p>\n","protected":false},"featured_media":668,"comment_status":"open","ping_status":"closed","template":"","meta":[],"product_brand":[],"product_cat":[40],"product_tag":[],"class_list":{"0":"post-667","1":"product","2":"type-product","3":"status-publish","4":"has-post-thumbnail","6":"product_cat-freizeitbekleidung-stammverband","8":"first","9":"instock","10":"taxable","11":"shipping-taxable","12":"purchasable","13":"product-type-variable","14":"has-default-attributes"},"_links":{"self":[{"href":"https:\/\/shoodies.de\/dlrg-bad-aibling\/wp-json\/wp\/v2\/product\/667","targetHints":{"allow":["GET"]}}],"collection":[{"href":"https:\/\/shoodies.de\/dlrg-bad-aibling\/wp-json\/wp\/v2\/product"}],"about":[{"href":"https:\/\/shoodies.de\/dlrg-bad-aibling\/wp-json\/wp\/v2\/types\/product"}],"replies":[{"embeddable":true,"href":"https:\/\/shoodies.de\/dlrg-bad-aibling\/wp-json\/wp\/v2\/comments?post=667"}],"wp:featuredmedia":[{"embeddable":true,"href":"https:\/\/shoodies.de\/dlrg-bad-aibling\/wp-json\/wp\/v2\/media\/668"}],"wp:attachment":[{"href":"https:\/\/shoodies.de\/dlrg-bad-aibling\/wp-json\/wp\/v2\/media?parent=667"}],"wp:term":[{"taxonomy":"product_brand","embeddable":true,"href":"https:\/\/shoodies.de\/dlrg-bad-aibling\/wp-json\/wp\/v2\/product_brand?post=667"},{"taxonomy":"product_cat","embeddable":true,"href":"https:\/\/shoodies.de\/dlrg-bad-aibling\/wp-json\/wp\/v2\/product_cat?post=667"},{"taxonomy":"product_tag","embeddable":true,"href":"https:\/\/shoodies.de\/dlrg-bad-aibling\/wp-json\/wp\/v2\/product_tag?post=667"}],"curies":[{"name":"wp","href":"https:\/\/api.w.org\/{rel}","templated":true}]}}