{"id":654,"date":"2024-10-13T12:53:01","date_gmt":"2024-10-13T10:53:01","guid":{"rendered":"https:\/\/shoodies.de\/dlrg-bad-aibling\/produkt\/zip-hoodie-kinder-freizeitkollektion\/"},"modified":"2026-04-18T06:48:02","modified_gmt":"2026-04-18T04:48:02","slug":"zip-hoodie-kinder-freizeitkollektion","status":"publish","type":"product","link":"https:\/\/shoodies.de\/dlrg-bad-aibling\/produkt\/zip-hoodie-kinder-freizeitkollektion\/","title":{"rendered":"Zip-Hoodie Kinder (Freizeitkollektion)"},"content":{"rendered":"<p><strong>Beschreibung:<\/strong><br \/>\nHaut- und umweltfreundliche Bio-Baumwolle, innen geb\u00fcrstet | Regular fit | Durchgehender Rei\u00dfverschluss | Kapuze | Seitentaschen | Breite Rippb\u00fcndchen und Saum<\/p>\n<p><strong>Pflegehinweise:<\/strong><br \/>\n30\u00b0C waschbar | B\u00fcgeln erlaubt<\/p>\n<p><strong>Zusammensetzung:<\/strong><br \/>\n100% Baumwolle<\/p>\n<p><strong>Veredelung:<\/strong><br \/>\nVorderseite: Bestickt mit der DLRG Wortmarke und Bad Aibling<br \/>\nR\u00fcckseite: Bedruckt mit dem &#8222;to be a lifeguard&#8220; Motiv<\/p>\n","protected":false},"excerpt":{"rendered":"<p><strong>Beschreibung:<\/strong><br \/>\nHaut- und umweltfreundliche Bio-Baumwolle, innen geb\u00fcrstet | Regular fit | Durchgehender Rei\u00dfverschluss | Kapuze | Seitentaschen | Breite Rippb\u00fcndchen und Saum<\/p>\n<p><strong>Pflegehinweise:<\/strong><br \/>\n30\u00b0C waschbar | B\u00fcgeln erlaubt<\/p>\n<p><strong>Zusammensetzung:<\/strong><br \/>\n100% Baumwolle<\/p>\n<p><strong>Veredelung:<\/strong><br \/>\nVorderseite: Bestickt mit der DLRG Wortmarke und Bad Aibling<br \/>\nR\u00fcckseite: Bedruckt mit dem &#8222;to be a lifeguard&#8220; Motiv<\/p>\n","protected":false},"featured_media":655,"comment_status":"open","ping_status":"closed","template":"","meta":[],"product_brand":[],"product_cat":[40],"product_tag":[],"class_list":{"0":"post-654","1":"product","2":"type-product","3":"status-publish","4":"has-post-thumbnail","6":"product_cat-freizeitbekleidung-stammverband","8":"first","9":"instock","10":"taxable","11":"shipping-taxable","12":"purchasable","13":"product-type-variable","14":"has-default-attributes"},"_links":{"self":[{"href":"https:\/\/shoodies.de\/dlrg-bad-aibling\/wp-json\/wp\/v2\/product\/654","targetHints":{"allow":["GET"]}}],"collection":[{"href":"https:\/\/shoodies.de\/dlrg-bad-aibling\/wp-json\/wp\/v2\/product"}],"about":[{"href":"https:\/\/shoodies.de\/dlrg-bad-aibling\/wp-json\/wp\/v2\/types\/product"}],"replies":[{"embeddable":true,"href":"https:\/\/shoodies.de\/dlrg-bad-aibling\/wp-json\/wp\/v2\/comments?post=654"}],"wp:featuredmedia":[{"embeddable":true,"href":"https:\/\/shoodies.de\/dlrg-bad-aibling\/wp-json\/wp\/v2\/media\/655"}],"wp:attachment":[{"href":"https:\/\/shoodies.de\/dlrg-bad-aibling\/wp-json\/wp\/v2\/media?parent=654"}],"wp:term":[{"taxonomy":"product_brand","embeddable":true,"href":"https:\/\/shoodies.de\/dlrg-bad-aibling\/wp-json\/wp\/v2\/product_brand?post=654"},{"taxonomy":"product_cat","embeddable":true,"href":"https:\/\/shoodies.de\/dlrg-bad-aibling\/wp-json\/wp\/v2\/product_cat?post=654"},{"taxonomy":"product_tag","embeddable":true,"href":"https:\/\/shoodies.de\/dlrg-bad-aibling\/wp-json\/wp\/v2\/product_tag?post=654"}],"curies":[{"name":"wp","href":"https:\/\/api.w.org\/{rel}","templated":true}]}}