{"id":637,"date":"2024-10-13T12:51:27","date_gmt":"2024-10-13T10:51:27","guid":{"rendered":"https:\/\/shoodies.de\/dlrg-bad-aibling\/produkt\/zip-hoodie-herren-freizeitkollektion\/"},"modified":"2026-04-18T06:48:05","modified_gmt":"2026-04-18T04:48:05","slug":"zip-hoodie-herren-freizeitkollektion","status":"publish","type":"product","link":"https:\/\/shoodies.de\/dlrg-bad-aibling\/produkt\/zip-hoodie-herren-freizeitkollektion\/","title":{"rendered":"Zip-Hoodie Herren (Freizeitkollektion)"},"content":{"rendered":"<p><strong>Beschreibung:<\/strong><br \/>\nFrench Terry | Lange \u00c4rmel | Normale Passform | Sanforisierte, ringgesponnene, gek\u00e4mmte Bio-Baumwolle | Recycelter Polyester | Seitenn\u00e4hte | Sichtbares Nackenetikett &#8222;Hallo, ich bin Bio&#8220; | Innen Halbmond aus Single Jersey auf R\u00fcckseite | Qualitativ hochwertiges Nackenband mit Fischgr\u00e4t-Muster | Verdeckter Rei\u00dfverschluss aus Metall | Kapuze mit Single-Jersey-Futter | Modischer Kordelzug | Ungeb\u00fcrstete Qualit\u00e4t | Widerstandsf\u00e4hige Qualit\u00e4t | Weiches Handgef\u00fchl | Glatte und weiche Oberfl\u00e4che | In Seitennaht: Weiches Satin-Etikett<\/p>\n<p><strong>Pflegehinweise:<\/strong><br \/>\n30 \u00b0C waschbar|B\u00fcgeln erlaubt<\/p>\n<p><strong>Zusammensetzung:<\/strong><br \/>\n80% Baumwolle \/ 20% Polyester<\/p>\n<p><strong>Veredelung:<\/strong><br \/>\nVorderseite: Bestickt mit der DLRG Wortmarke und Bad Aibling<br \/>\nR\u00fcckseite: Bedruckt mit dem &#8222;to be a lifeguard&#8220; Motiv<\/p>\n","protected":false},"excerpt":{"rendered":"<p><strong>Beschreibung:<\/strong><br \/>\nFrench Terry | Lange \u00c4rmel | Normale Passform | Sanforisierte, ringgesponnene, gek\u00e4mmte Bio-Baumwolle | Recycelter Polyester | Seitenn\u00e4hte | Sichtbares Nackenetikett &#8222;Hallo, ich bin Bio&#8220; | Innen Halbmond aus Single Jersey auf R\u00fcckseite | Qualitativ hochwertiges Nackenband mit Fischgr\u00e4t-Muster | Verdeckter Rei\u00dfverschluss aus Metall | Kapuze mit Single-Jersey-Futter | Modischer Kordelzug | Ungeb\u00fcrstete Qualit\u00e4t | Widerstandsf\u00e4hige Qualit\u00e4t | Weiches Handgef\u00fchl | Glatte und weiche Oberfl\u00e4che | In Seitennaht: Weiches Satin-Etikett<\/p>\n<p><strong>Pflegehinweise:<\/strong><br \/>\n30 \u00b0C waschbar|B\u00fcgeln erlaubt<\/p>\n<p><strong>Zusammensetzung:<\/strong><br \/>\n80% Baumwolle \/ 20% Polyester<\/p>\n<p><strong>Veredelung:<\/strong><br \/>\nVorderseite: Bestickt mit der DLRG Wortmarke und Bad Aibling<br \/>\nR\u00fcckseite: Bedruckt mit dem &#8222;to be a lifeguard&#8220; Motiv<\/p>\n","protected":false},"featured_media":638,"comment_status":"open","ping_status":"closed","template":"","meta":[],"product_brand":[],"product_cat":[40],"product_tag":[],"class_list":{"0":"post-637","1":"product","2":"type-product","3":"status-publish","4":"has-post-thumbnail","6":"product_cat-freizeitbekleidung-stammverband","8":"first","9":"instock","10":"taxable","11":"shipping-taxable","12":"purchasable","13":"product-type-variable","14":"has-default-attributes"},"_links":{"self":[{"href":"https:\/\/shoodies.de\/dlrg-bad-aibling\/wp-json\/wp\/v2\/product\/637","targetHints":{"allow":["GET"]}}],"collection":[{"href":"https:\/\/shoodies.de\/dlrg-bad-aibling\/wp-json\/wp\/v2\/product"}],"about":[{"href":"https:\/\/shoodies.de\/dlrg-bad-aibling\/wp-json\/wp\/v2\/types\/product"}],"replies":[{"embeddable":true,"href":"https:\/\/shoodies.de\/dlrg-bad-aibling\/wp-json\/wp\/v2\/comments?post=637"}],"wp:featuredmedia":[{"embeddable":true,"href":"https:\/\/shoodies.de\/dlrg-bad-aibling\/wp-json\/wp\/v2\/media\/638"}],"wp:attachment":[{"href":"https:\/\/shoodies.de\/dlrg-bad-aibling\/wp-json\/wp\/v2\/media?parent=637"}],"wp:term":[{"taxonomy":"product_brand","embeddable":true,"href":"https:\/\/shoodies.de\/dlrg-bad-aibling\/wp-json\/wp\/v2\/product_brand?post=637"},{"taxonomy":"product_cat","embeddable":true,"href":"https:\/\/shoodies.de\/dlrg-bad-aibling\/wp-json\/wp\/v2\/product_cat?post=637"},{"taxonomy":"product_tag","embeddable":true,"href":"https:\/\/shoodies.de\/dlrg-bad-aibling\/wp-json\/wp\/v2\/product_tag?post=637"}],"curies":[{"name":"wp","href":"https:\/\/api.w.org\/{rel}","templated":true}]}}