{"id":1074,"date":"2025-01-02T13:18:15","date_gmt":"2025-01-02T12:18:15","guid":{"rendered":"https:\/\/shoodies.de\/dlrg-bad-aibling\/produkt\/einsatz-t-shirt-damen-rettungshundestaffel\/"},"modified":"2026-04-18T06:41:34","modified_gmt":"2026-04-18T04:41:34","slug":"einsatz-t-shirt-damen-rettungshundestaffel","status":"publish","type":"product","link":"https:\/\/shoodies.de\/dlrg-bad-aibling\/produkt\/einsatz-t-shirt-damen-rettungshundestaffel\/","title":{"rendered":"Einsatz T-Shirt Damen Rettungshundestaffel"},"content":{"rendered":"<p><strong>Beschreibung:<\/strong><br \/>\nDas T-Shirt besteht zu 100 % aus einlaufvorbehandelter, ringspun Baumwolle und hat eine unver\u00e4nderte 190-Gramm-Qualit\u00e4t, die seit 20 Jahren bei B&amp;C verwendet wird. Es bietet eine zeitgem\u00e4\u00dfe Passform und einen schlauchf\u00f6rmigen Schnitt. Der schmale Kragen aus Rippstrick sorgt f\u00fcr einen modernen Look, w\u00e4hrend das Kragenband im Nacken f\u00fcr zus\u00e4tzlichen Komfort sorgt. Das Satin-Label rundet das Design ab. Der Stoff ist strapazierf\u00e4hig, weich und hat eine ebenm\u00e4\u00dfige Oberfl\u00e4che. B&amp;C Collection ist zudem Mitglied der Fair Wear Foundation.<\/p>\n<p><strong>Pflegehinweise:<\/strong><br \/>\nTrockner geeignet|B\u00fcgeln erlaubt|40 \u00b0C waschbar<\/p>\n<p><strong>Zusammensetzung:<\/strong><br \/>\n100% Baumwolle<\/p>\n<p><strong>Veredelung:<\/strong><br \/>\nVorderseite: bedruckt mit der DLRG Wortmarke in gelb<br \/>\nR\u00fcckseite: bedruckt mit der DLRG Wortmarke und Rettungshundestaffel<\/p>\n","protected":false},"excerpt":{"rendered":"<p><strong>Beschreibung:<\/strong><br \/>\n100% einlaufvorbehandelte Ringspun-Baumwolle | Zeitgem\u00e4\u00dfe Passform | Seitenn\u00e4hte | Schmaler Kragen aus Rippstrick unterstreicht die moderne Kragen\u00f6ffnung | Bequeme L\u00e4nge | Satin-Label | 100 % ringgesponnene Baumwolle | Einlaufvorbehandelt | Single Jersey | Strapazierf\u00e4higer Stoff | Weiche und ebenm\u00e4\u00dfige Oberfl\u00e4che | B&amp;C Collection ist Mitglied der Fair Wear Foundation<\/p>\n<p><strong>Pflegehinweise:<\/strong><br \/>\nTrockner geeignet|B\u00fcgeln erlaubt|40 \u00b0C waschbar<\/p>\n<p><strong>Zusammensetzung:<\/strong><br \/>\n100% Baumwolle<\/p>\n<p><strong>Veredelung:<\/strong><br \/>\nVorderseite: bedruckt mit der DLRG Wortmarke in gelb<br \/>\nR\u00fcckseite: bedruckt mit der DLRG Wortmarke und Rettungshundestaffel<\/p>\n<p><a title=\"Gr\u00f6\u00dfentabelle\" href=\"https:\/\/shoodies.de\/dlrg-bad-aibling\/wp-content\/uploads\/sites\/3\/2025\/01\/GT_BC-E190-Women.png\">Gr\u00f6\u00dfentabelle<\/a><\/p>\n","protected":false},"featured_media":1075,"comment_status":"open","ping_status":"closed","template":"","meta":[],"product_brand":[],"product_cat":[43],"product_tag":[],"class_list":{"0":"post-1074","1":"product","2":"type-product","3":"status-publish","4":"has-post-thumbnail","6":"product_cat-einsatzkleidung-rettungshunde","8":"first","9":"instock","10":"taxable","11":"shipping-taxable","12":"purchasable","13":"product-type-variable","14":"has-default-attributes"},"_links":{"self":[{"href":"https:\/\/shoodies.de\/dlrg-bad-aibling\/wp-json\/wp\/v2\/product\/1074","targetHints":{"allow":["GET"]}}],"collection":[{"href":"https:\/\/shoodies.de\/dlrg-bad-aibling\/wp-json\/wp\/v2\/product"}],"about":[{"href":"https:\/\/shoodies.de\/dlrg-bad-aibling\/wp-json\/wp\/v2\/types\/product"}],"replies":[{"embeddable":true,"href":"https:\/\/shoodies.de\/dlrg-bad-aibling\/wp-json\/wp\/v2\/comments?post=1074"}],"wp:featuredmedia":[{"embeddable":true,"href":"https:\/\/shoodies.de\/dlrg-bad-aibling\/wp-json\/wp\/v2\/media\/1075"}],"wp:attachment":[{"href":"https:\/\/shoodies.de\/dlrg-bad-aibling\/wp-json\/wp\/v2\/media?parent=1074"}],"wp:term":[{"taxonomy":"product_brand","embeddable":true,"href":"https:\/\/shoodies.de\/dlrg-bad-aibling\/wp-json\/wp\/v2\/product_brand?post=1074"},{"taxonomy":"product_cat","embeddable":true,"href":"https:\/\/shoodies.de\/dlrg-bad-aibling\/wp-json\/wp\/v2\/product_cat?post=1074"},{"taxonomy":"product_tag","embeddable":true,"href":"https:\/\/shoodies.de\/dlrg-bad-aibling\/wp-json\/wp\/v2\/product_tag?post=1074"}],"curies":[{"name":"wp","href":"https:\/\/api.w.org\/{rel}","templated":true}]}}