{"id":1057,"date":"2025-01-02T13:14:53","date_gmt":"2025-01-02T12:14:53","guid":{"rendered":"https:\/\/shoodies.de\/dlrg-bad-aibling\/produkt\/einsatzshirt-herren-rettungshunde\/"},"modified":"2026-04-14T06:32:51","modified_gmt":"2026-04-14T04:32:51","slug":"einsatzshirt-herren-rettungshunde","status":"publish","type":"product","link":"https:\/\/shoodies.de\/dlrg-bad-aibling\/produkt\/einsatzshirt-herren-rettungshunde\/","title":{"rendered":"Einsatz T-Shirt Herren Rettungshundestaffel"},"content":{"rendered":"<p><strong>Beschreibung:<\/strong><br \/>\nDas T-Shirt besteht zu 100 % aus einlaufvorbehandelter, ringspunnener Baumwolle und hat eine unver\u00e4nderte 190-Gramm-Qualit\u00e4t, die seit 20 Jahren bei B&amp;C verwendet wird. Es bietet eine zeitgem\u00e4\u00dfe Passform und einen schlauchf\u00f6rmigen Schnitt. Der schmale Kragen aus Rippstrick sorgt f\u00fcr einen modernen Look, w\u00e4hrend das Kragenband im Nacken f\u00fcr zus\u00e4tzlichen Komfort sorgt. Das Satin-Label rundet das Design ab. Der Stoff ist strapazierf\u00e4hig, weich und hat eine ebenm\u00e4\u00dfige Oberfl\u00e4che. B&amp;C Collection ist zudem Mitglied der Fair Wear Foundation.<\/p>\n<p><strong>Pflegehinweise:<\/strong><br \/>\n40 \u00b0C waschbar|B\u00fcgeln erlaubt|Trockner geeignet<\/p>\n<p><strong>Zusammensetzung:<\/strong><br \/>\n100% Baumwolle<\/p>\n<p><strong>Veredelung:<\/strong><br \/>\nVorderseite: bedruckt mit der DLRG Wortmarke in gelb<br \/>\nR\u00fcckseite: bedruckt mit der DLRG Wortmarke und Rettungshundestaffel<\/p>\n","protected":false},"excerpt":{"rendered":"<p><strong>Beschreibung:<\/strong><br \/>\n100% einlaufvorbehandelte Ringspun-Baumwolle | Kurz\u00e4rmeliges, ausgestelltes T-Shirt in unver\u00e4nderter 190-Gramm-Qualit\u00e4t seit 20 Jahren bei B&amp;C | Zeitgem\u00e4\u00dfe Passform | Schlauchf\u00f6rmiger Schnitt | Schmaler Kragen aus Rippstrick | Kragenband im Nacken | Satin-Label | 100 % ringgesponnene Baumwolle | Single Jersey | Einlaufvorbehandelt | Strapazierf\u00e4higer Stoff | Weiche und ebenm\u00e4\u00dfige Oberfl\u00e4che | B&amp;C Collection ist Mitglied der Fair Wear Foundation<\/p>\n<p><strong>Pflegehinweise:<\/strong><br \/>\n40 \u00b0C waschbar|B\u00fcgeln erlaubt|Trockner geeignet<\/p>\n<p><strong>Zusammensetzung:<\/strong><br \/>\n100% Baumwolle<\/p>\n<p><strong>Veredelung:<\/strong><br \/>\nVorderseite: bedruckt mit der DLRG Wortmarke in gelb<br \/>\nR\u00fcckseite: bedruckt mit der DLRG Wortmarke und Rettungshundestaffel<\/p>\n<p><a title=\"Gr\u00f6\u00dfentabelle\" href=\"https:\/\/shoodies.de\/dlrg-bad-aibling\/wp-content\/uploads\/sites\/3\/2025\/01\/GT_BC-E190.png\">Gr\u00f6\u00dfentabelle<\/a><\/p>\n<p>&nbsp;<\/p>\n","protected":false},"featured_media":1058,"comment_status":"open","ping_status":"closed","template":"","meta":[],"product_brand":[],"product_cat":[43],"product_tag":[],"class_list":{"0":"post-1057","1":"product","2":"type-product","3":"status-publish","4":"has-post-thumbnail","6":"product_cat-einsatzkleidung-rettungshunde","8":"first","9":"instock","10":"taxable","11":"shipping-taxable","12":"purchasable","13":"product-type-variable","14":"has-default-attributes"},"_links":{"self":[{"href":"https:\/\/shoodies.de\/dlrg-bad-aibling\/wp-json\/wp\/v2\/product\/1057","targetHints":{"allow":["GET"]}}],"collection":[{"href":"https:\/\/shoodies.de\/dlrg-bad-aibling\/wp-json\/wp\/v2\/product"}],"about":[{"href":"https:\/\/shoodies.de\/dlrg-bad-aibling\/wp-json\/wp\/v2\/types\/product"}],"replies":[{"embeddable":true,"href":"https:\/\/shoodies.de\/dlrg-bad-aibling\/wp-json\/wp\/v2\/comments?post=1057"}],"wp:featuredmedia":[{"embeddable":true,"href":"https:\/\/shoodies.de\/dlrg-bad-aibling\/wp-json\/wp\/v2\/media\/1058"}],"wp:attachment":[{"href":"https:\/\/shoodies.de\/dlrg-bad-aibling\/wp-json\/wp\/v2\/media?parent=1057"}],"wp:term":[{"taxonomy":"product_brand","embeddable":true,"href":"https:\/\/shoodies.de\/dlrg-bad-aibling\/wp-json\/wp\/v2\/product_brand?post=1057"},{"taxonomy":"product_cat","embeddable":true,"href":"https:\/\/shoodies.de\/dlrg-bad-aibling\/wp-json\/wp\/v2\/product_cat?post=1057"},{"taxonomy":"product_tag","embeddable":true,"href":"https:\/\/shoodies.de\/dlrg-bad-aibling\/wp-json\/wp\/v2\/product_tag?post=1057"}],"curies":[{"name":"wp","href":"https:\/\/api.w.org\/{rel}","templated":true}]}}