{"id":23762,"date":"2025-12-10T15:01:22","date_gmt":"2025-12-10T14:01:22","guid":{"rendered":"https:\/\/shoodies.de\/bredlsport-oberland\/?post_type=product&#038;p=23762"},"modified":"2026-04-22T00:51:23","modified_gmt":"2026-04-21T22:51:23","slug":"bredlsport-kids-t-shirt","status":"publish","type":"product","link":"https:\/\/shoodies.de\/bredlsport-oberland\/produkt\/bredlsport-kids-t-shirt\/","title":{"rendered":"Bredlsport Junior T-Shirt"},"content":{"rendered":"<p><strong>Beschreibung:<\/strong><\/p>\n<p>Das Iconic Kids-T-Shirt | Set-In \u00c4rmel | 1\u00d71-Ripp am Kragen | Nackenband innen aus gleichem Material | Doppelnaht-Steppnaht an \u00c4rmelb\u00fcndchen und Saum<\/p>\n<p><strong>Pflegehinweise:<\/strong><\/p>\n<p>\u00c4hnliche Farben zusammen waschen, nicht auf Drucken b\u00fcgeln, auf links waschen und b\u00fcgeln. Trocknen: Nicht im Trommeltrockner trocknen Waschen: 30\u00b0 B\u00fcgeln: 110\u00b0<\/p>\n<p><strong>Zusammensetzung:<\/strong><\/p>\n<p>100% gek\u00e4mmte ringgesponnene Bio-Baumwolle<\/p>\n","protected":false},"excerpt":{"rendered":"<p>bedruckt auf der Brust mit dem Bredlsport-Logo und R\u00fcckendruck<\/p>\n<p><a href=\"https:\/\/shoodies.de\/bredlsport-oberland\/wp-content\/uploads\/sites\/8\/2025\/12\/Groessentabelle-Mini-Creator.png\">\u2192 Gr\u00f6\u00dfentabelle<\/a><\/p>\n","protected":false},"featured_media":25988,"comment_status":"open","ping_status":"closed","template":"","meta":[],"product_brand":[21],"product_cat":[45],"product_tag":[47],"class_list":{"0":"post-23762","1":"product","2":"type-product","3":"status-publish","4":"has-post-thumbnail","6":"product_brand-stanley-stella","7":"product_cat-kinder-t-shirt","8":"product_tag-mit-rueckendruck","9":"pa_farbe-anthracite","10":"pa_farbe-black","11":"pa_farbe-burgundy","12":"pa_farbe-fiesta","13":"pa_farbe-french-navy","14":"pa_farbe-glazed-green","15":"pa_farbe-go-green","16":"pa_farbe-khaki","17":"pa_farbe-red","18":"pa_farbe-royal-blue","19":"pa_groesse-kinder-12-13-152-158-cm","20":"pa_groesse-kinder-3-4-98-104-cm","21":"pa_groesse-kinder-5-6-110-116-cm","22":"pa_groesse-kinder-7-8-122-128-cm","23":"pa_groesse-kinder-9-11-134-146-cm","25":"first","26":"instock","27":"taxable","28":"shipping-taxable","29":"purchasable","30":"product-type-variable","31":"has-default-attributes"},"jetpack_sharing_enabled":true,"_links":{"self":[{"href":"https:\/\/shoodies.de\/bredlsport-oberland\/wp-json\/wp\/v2\/product\/23762","targetHints":{"allow":["GET"]}}],"collection":[{"href":"https:\/\/shoodies.de\/bredlsport-oberland\/wp-json\/wp\/v2\/product"}],"about":[{"href":"https:\/\/shoodies.de\/bredlsport-oberland\/wp-json\/wp\/v2\/types\/product"}],"replies":[{"embeddable":true,"href":"https:\/\/shoodies.de\/bredlsport-oberland\/wp-json\/wp\/v2\/comments?post=23762"}],"version-history":[{"count":10,"href":"https:\/\/shoodies.de\/bredlsport-oberland\/wp-json\/wp\/v2\/product\/23762\/revisions"}],"predecessor-version":[{"id":29771,"href":"https:\/\/shoodies.de\/bredlsport-oberland\/wp-json\/wp\/v2\/product\/23762\/revisions\/29771"}],"wp:featuredmedia":[{"embeddable":true,"href":"https:\/\/shoodies.de\/bredlsport-oberland\/wp-json\/wp\/v2\/media\/25988"}],"wp:attachment":[{"href":"https:\/\/shoodies.de\/bredlsport-oberland\/wp-json\/wp\/v2\/media?parent=23762"}],"wp:term":[{"taxonomy":"product_brand","embeddable":true,"href":"https:\/\/shoodies.de\/bredlsport-oberland\/wp-json\/wp\/v2\/product_brand?post=23762"},{"taxonomy":"product_cat","embeddable":true,"href":"https:\/\/shoodies.de\/bredlsport-oberland\/wp-json\/wp\/v2\/product_cat?post=23762"},{"taxonomy":"product_tag","embeddable":true,"href":"https:\/\/shoodies.de\/bredlsport-oberland\/wp-json\/wp\/v2\/product_tag?post=23762"}],"curies":[{"name":"wp","href":"https:\/\/api.w.org\/{rel}","templated":true}]}}