{"id":21059,"date":"2025-11-16T19:25:47","date_gmt":"2025-11-16T18:25:47","guid":{"rendered":"https:\/\/shoodies.de\/bredlsport-oberland\/produkt\/bredlsport-hoodie-3\/"},"modified":"2026-04-17T00:28:37","modified_gmt":"2026-04-16T22:28:37","slug":"bredlsport-hoodie-3","status":"publish","type":"product","link":"https:\/\/shoodies.de\/bredlsport-oberland\/produkt\/bredlsport-hoodie-3\/","title":{"rendered":"Bredlsport Hoodie"},"content":{"rendered":"<p><strong>Beschreibung:<\/strong><\/p>\n<p>Der Iconic Unisex-Hoodie-Sweatshirt | Set-In \u00c4rmel | Doppelte Kapuze mit Futter aus gleichem Material | Runde Kordelz\u00fcge in passender Hoodiefarbe | Geschlossene Metallenden und Metall\u00f6sen | Fischgratband im Nackenbereich | Halbmond aus gleichem Material im Nackenbereich | 2-Nadel-Kettenstich mittig auf der Naht an Saum, B\u00fcndchen und Armloch | 1&#215;1 Ripp am \u00c4rmelbund und Saum | K\u00e4ngurutasche auf der Vorderseite<\/p>\n<p><strong>Pflegehinweise:<\/strong><\/p>\n<p>\u00c4hnliche Farben zusammen waschen, nicht auf Drucken b\u00fcgeln, auf links waschen und b\u00fcgeln. Trocknen: Nicht im Trommeltrockner trocknen Waschen: 30\u00b0 B\u00fcgeln: 110\u00b0<\/p>\n<p><strong>Zusammensetzung:<\/strong><\/p>\n<p>100% gek\u00e4mmte ringgesponnene Bio-Baumwolle<\/p>\n","protected":false},"excerpt":{"rendered":"<p>bestickt auf der Brust mit dem Bredlsport-Logo<\/p>\n<p><a href=\"https:\/\/shoodies.de\/bredlsport-oberland\/wp-content\/uploads\/sites\/8\/2026\/01\/Groessentabelle-Hoodie.jpg\">\u2192 Gr\u00f6\u00dfentabelle<\/a><\/p>\n","protected":false},"featured_media":27009,"comment_status":"open","ping_status":"closed","template":"","meta":[],"product_brand":[21],"product_cat":[50],"product_tag":[46],"class_list":{"0":"post-21059","1":"product","2":"type-product","3":"status-publish","4":"has-post-thumbnail","6":"product_brand-stanley-stella","7":"product_cat-hoodie","8":"product_tag-ohne-rueckendruck","9":"pa_farbe-aloe","10":"pa_farbe-aqua-blue","11":"pa_farbe-blue-ice","12":"pa_farbe-blue-soul","13":"pa_farbe-bright-blue","14":"pa_farbe-bubble-pink","15":"pa_farbe-cool-heather-grey","16":"pa_farbe-cotton-pink","17":"pa_farbe-desert-dust","18":"pa_farbe-eco-heather","19":"pa_farbe-fiesta","20":"pa_farbe-fraiche-peche","21":"pa_farbe-green-bay","22":"pa_farbe-heather-grey","23":"pa_farbe-heather-haze","24":"pa_farbe-heritage-brown","25":"pa_farbe-latte","26":"pa_farbe-lavender","27":"pa_farbe-lilac-dream","28":"pa_farbe-mid-heather-grey","29":"pa_farbe-mindful-blue","30":"pa_farbe-misty-jade","31":"pa_farbe-natural-raw","32":"pa_farbe-nispero","33":"pa_farbe-ochre","34":"pa_farbe-off-white","35":"pa_farbe-pool-blue","36":"pa_farbe-purple-love","37":"pa_farbe-red","38":"pa_farbe-stargazer","39":"pa_farbe-stone","40":"pa_farbe-viva-yellow","41":"pa_farbe-white","43":"first","44":"instock","45":"taxable","46":"shipping-taxable","47":"purchasable","48":"product-type-variable","49":"has-default-attributes"},"jetpack_sharing_enabled":true,"_links":{"self":[{"href":"https:\/\/shoodies.de\/bredlsport-oberland\/wp-json\/wp\/v2\/product\/21059","targetHints":{"allow":["GET"]}}],"collection":[{"href":"https:\/\/shoodies.de\/bredlsport-oberland\/wp-json\/wp\/v2\/product"}],"about":[{"href":"https:\/\/shoodies.de\/bredlsport-oberland\/wp-json\/wp\/v2\/types\/product"}],"replies":[{"embeddable":true,"href":"https:\/\/shoodies.de\/bredlsport-oberland\/wp-json\/wp\/v2\/comments?post=21059"}],"version-history":[{"count":5,"href":"https:\/\/shoodies.de\/bredlsport-oberland\/wp-json\/wp\/v2\/product\/21059\/revisions"}],"predecessor-version":[{"id":29741,"href":"https:\/\/shoodies.de\/bredlsport-oberland\/wp-json\/wp\/v2\/product\/21059\/revisions\/29741"}],"wp:featuredmedia":[{"embeddable":true,"href":"https:\/\/shoodies.de\/bredlsport-oberland\/wp-json\/wp\/v2\/media\/27009"}],"wp:attachment":[{"href":"https:\/\/shoodies.de\/bredlsport-oberland\/wp-json\/wp\/v2\/media?parent=21059"}],"wp:term":[{"taxonomy":"product_brand","embeddable":true,"href":"https:\/\/shoodies.de\/bredlsport-oberland\/wp-json\/wp\/v2\/product_brand?post=21059"},{"taxonomy":"product_cat","embeddable":true,"href":"https:\/\/shoodies.de\/bredlsport-oberland\/wp-json\/wp\/v2\/product_cat?post=21059"},{"taxonomy":"product_tag","embeddable":true,"href":"https:\/\/shoodies.de\/bredlsport-oberland\/wp-json\/wp\/v2\/product_tag?post=21059"}],"curies":[{"name":"wp","href":"https:\/\/api.w.org\/{rel}","templated":true}]}}