{"id":17430,"date":"2025-11-16T17:19:40","date_gmt":"2025-11-16T16:19:40","guid":{"rendered":"https:\/\/shoodies.de\/bredlsport-oberland\/produkt\/bredlsport-zipper-2\/"},"modified":"2026-04-22T00:28:37","modified_gmt":"2026-04-21T22:28:37","slug":"bredlsport-zipper-2","status":"publish","type":"product","link":"https:\/\/shoodies.de\/bredlsport-oberland\/produkt\/bredlsport-zipper-2\/","title":{"rendered":"Bredlsport Zipper"},"content":{"rendered":"<p><strong>Beschreibung:<\/strong><\/p>\n<p>Iconic Mid-Light Unisex-Medium-Fit-Zip-Thru-Hoodie-Sweatshirt | Set-In-\u00c4rmel | Eigenstoff-gef\u00fctterte Kapuze | Verdeckter Metallrei\u00dfverschluss vorne | Runde Zugb\u00e4nder in passender K\u00f6rperfarbe mit geschlossenem Metallende | Metall\u00f6sen | 1&#215;1 Ripp an \u00c4rmelb\u00fcndchen und unterem Saum | K\u00e4ngurutasche | Doppelnadel-Steppn\u00e4hte an Armloch, \u00c4rmelb\u00fcndchen und unterem Saum | Fischgr\u00e4tenband an der inneren Nackennaht und am inneren Rei\u00dfverschluss | Eigenstoff-Halbmond am Nacken<\/p>\n<p><strong>Pflegehinweise:<\/strong><\/p>\n<p>\u00c4hnliche Farben zusammen waschen, nicht auf Drucken b\u00fcgeln, auf links waschen und b\u00fcgeln. Trocknen: Nicht im Trommeltrockner trocknen Waschen: 30\u00b0 B\u00fcgeln: 110\u00b0<\/p>\n<p><strong>Zusammensetzung:<\/strong><\/p>\n<p>85% gek\u00e4mmte ringgesponnene Bio-Baumwolle, 15% recyceltes Polyester<\/p>\n","protected":false},"excerpt":{"rendered":"<p>bestickt auf der Brust mit dem Bredlsport-Logo und R\u00fcckendruck<\/p>\n<p><a href=\"https:\/\/shoodies.de\/bredlsport-oberland\/wp-content\/uploads\/sites\/8\/2026\/01\/Groessentabelle-Zip-Hoodie.jpg\">\u2192 Gr\u00f6\u00dfentabelle<\/a><\/p>\n","protected":false},"featured_media":28965,"comment_status":"open","ping_status":"closed","template":"","meta":[],"product_brand":[21],"product_cat":[51],"product_tag":[47],"class_list":{"0":"post-17430","1":"product","2":"type-product","3":"status-publish","4":"has-post-thumbnail","6":"product_brand-stanley-stella","7":"product_cat-zip-hoodie","8":"product_tag-mit-rueckendruck","9":"pa_farbe-heather-grey","10":"pa_farbe-natural-raw","11":"pa_farbe-white","13":"first","14":"instock","15":"taxable","16":"shipping-taxable","17":"purchasable","18":"product-type-variable","19":"has-default-attributes"},"jetpack_sharing_enabled":true,"_links":{"self":[{"href":"https:\/\/shoodies.de\/bredlsport-oberland\/wp-json\/wp\/v2\/product\/17430","targetHints":{"allow":["GET"]}}],"collection":[{"href":"https:\/\/shoodies.de\/bredlsport-oberland\/wp-json\/wp\/v2\/product"}],"about":[{"href":"https:\/\/shoodies.de\/bredlsport-oberland\/wp-json\/wp\/v2\/types\/product"}],"replies":[{"embeddable":true,"href":"https:\/\/shoodies.de\/bredlsport-oberland\/wp-json\/wp\/v2\/comments?post=17430"}],"version-history":[{"count":4,"href":"https:\/\/shoodies.de\/bredlsport-oberland\/wp-json\/wp\/v2\/product\/17430\/revisions"}],"predecessor-version":[{"id":29760,"href":"https:\/\/shoodies.de\/bredlsport-oberland\/wp-json\/wp\/v2\/product\/17430\/revisions\/29760"}],"wp:featuredmedia":[{"embeddable":true,"href":"https:\/\/shoodies.de\/bredlsport-oberland\/wp-json\/wp\/v2\/media\/28965"}],"wp:attachment":[{"href":"https:\/\/shoodies.de\/bredlsport-oberland\/wp-json\/wp\/v2\/media?parent=17430"}],"wp:term":[{"taxonomy":"product_brand","embeddable":true,"href":"https:\/\/shoodies.de\/bredlsport-oberland\/wp-json\/wp\/v2\/product_brand?post=17430"},{"taxonomy":"product_cat","embeddable":true,"href":"https:\/\/shoodies.de\/bredlsport-oberland\/wp-json\/wp\/v2\/product_cat?post=17430"},{"taxonomy":"product_tag","embeddable":true,"href":"https:\/\/shoodies.de\/bredlsport-oberland\/wp-json\/wp\/v2\/product_tag?post=17430"}],"curies":[{"name":"wp","href":"https:\/\/api.w.org\/{rel}","templated":true}]}}