{"id":16442,"date":"2025-11-16T17:06:33","date_gmt":"2025-11-16T16:06:33","guid":{"rendered":"https:\/\/shoodies.de\/bredlsport-oberland\/produkt\/bredlsport-sweater\/"},"modified":"2026-04-16T00:27:39","modified_gmt":"2026-04-15T22:27:39","slug":"bredlsport-sweater","status":"publish","type":"product","link":"https:\/\/shoodies.de\/bredlsport-oberland\/produkt\/bredlsport-sweater\/","title":{"rendered":"Bredlsport Sweater"},"content":{"rendered":"<p><strong>Beschreibung:<\/strong><\/p>\n<p>Das Iconic Unisex Crewneck-Sweatshirt | Set-In \u00c4rmel | 1&#215;1-Ripp am Kragen, \u00c4rmelbund und Saum | Nackenband innen aus Fischgr\u00e4tenband | halbmondf\u00f6rmiger Einsatz aus gleichem Material im Nackenbereich | Einfache Steppnaht am Kragen | 2-Nadel-Steppnaht mittig auf der Naht am Saum, B\u00fcndchen und Armausschnitt<\/p>\n<p><strong>Pflegehinweise:<\/strong><\/p>\n<p>\u00c4hnliche Farben zusammen waschen, nicht auf Drucken b\u00fcgeln, auf links waschen und b\u00fcgeln. Trocknen: Nicht im Trommeltrockner trocknen Waschen: 30\u00b0 B\u00fcgeln: 110\u00b0<\/p>\n<p><strong>Zusammensetzung:<\/strong><\/p>\n<p>100% gek\u00e4mmte ringgesponnene Bio-Baumwolle<\/p>\n","protected":false},"excerpt":{"rendered":"<p>bestickt auf der Brust mit dem Bredlsport-Logo und R\u00fcckendruck<\/p>\n<p><a href=\"https:\/\/shoodies.de\/bredlsport-oberland\/wp-content\/uploads\/sites\/8\/2026\/01\/Groessentabelle-Sweatshirt.jpg\">\u2192 Gr\u00f6\u00dfentabelle<\/a><\/p>\n","protected":false},"featured_media":29142,"comment_status":"open","ping_status":"closed","template":"","meta":[],"product_brand":[21],"product_cat":[55],"product_tag":[47],"class_list":{"0":"post-16442","1":"product","2":"type-product","3":"status-publish","4":"has-post-thumbnail","6":"product_brand-stanley-stella","7":"product_cat-sweatshirt","8":"product_tag-mit-rueckendruck","9":"pa_farbe-anthracite","10":"pa_farbe-black","11":"pa_farbe-bright-blue","12":"pa_farbe-burgundy","13":"pa_farbe-dark-heather-grey","14":"pa_farbe-fiesta","15":"pa_farbe-french-navy","16":"pa_farbe-glazed-green","17":"pa_farbe-green-bay","18":"pa_farbe-heritage-brown","19":"pa_farbe-india-ink-grey","20":"pa_farbe-khaki","21":"pa_farbe-latte","22":"pa_farbe-mindful-blue","23":"pa_farbe-nispero","24":"pa_farbe-ochre","25":"pa_farbe-red","26":"pa_farbe-red-brown","27":"pa_farbe-stargazer","28":"pa_farbe-worker-blue","30":"first","31":"instock","32":"taxable","33":"shipping-taxable","34":"purchasable","35":"product-type-variable","36":"has-default-attributes"},"jetpack_sharing_enabled":true,"_links":{"self":[{"href":"https:\/\/shoodies.de\/bredlsport-oberland\/wp-json\/wp\/v2\/product\/16442","targetHints":{"allow":["GET"]}}],"collection":[{"href":"https:\/\/shoodies.de\/bredlsport-oberland\/wp-json\/wp\/v2\/product"}],"about":[{"href":"https:\/\/shoodies.de\/bredlsport-oberland\/wp-json\/wp\/v2\/types\/product"}],"replies":[{"embeddable":true,"href":"https:\/\/shoodies.de\/bredlsport-oberland\/wp-json\/wp\/v2\/comments?post=16442"}],"version-history":[{"count":5,"href":"https:\/\/shoodies.de\/bredlsport-oberland\/wp-json\/wp\/v2\/product\/16442\/revisions"}],"predecessor-version":[{"id":29318,"href":"https:\/\/shoodies.de\/bredlsport-oberland\/wp-json\/wp\/v2\/product\/16442\/revisions\/29318"}],"wp:featuredmedia":[{"embeddable":true,"href":"https:\/\/shoodies.de\/bredlsport-oberland\/wp-json\/wp\/v2\/media\/29142"}],"wp:attachment":[{"href":"https:\/\/shoodies.de\/bredlsport-oberland\/wp-json\/wp\/v2\/media?parent=16442"}],"wp:term":[{"taxonomy":"product_brand","embeddable":true,"href":"https:\/\/shoodies.de\/bredlsport-oberland\/wp-json\/wp\/v2\/product_brand?post=16442"},{"taxonomy":"product_cat","embeddable":true,"href":"https:\/\/shoodies.de\/bredlsport-oberland\/wp-json\/wp\/v2\/product_cat?post=16442"},{"taxonomy":"product_tag","embeddable":true,"href":"https:\/\/shoodies.de\/bredlsport-oberland\/wp-json\/wp\/v2\/product_tag?post=16442"}],"curies":[{"name":"wp","href":"https:\/\/api.w.org\/{rel}","templated":true}]}}