{"id":16120,"date":"2025-11-16T17:01:13","date_gmt":"2025-11-16T16:01:13","guid":{"rendered":"https:\/\/shoodies.de\/bredlsport-oberland\/produkt\/bredlsport-t-shirt\/"},"modified":"2026-04-16T00:32:41","modified_gmt":"2026-04-15T22:32:41","slug":"bredlsport-t-shirt","status":"publish","type":"product","link":"https:\/\/shoodies.de\/bredlsport-oberland\/produkt\/bredlsport-t-shirt\/","title":{"rendered":"Bredlsport T-Shirt"},"content":{"rendered":"<p><strong>Beschreibung:<\/strong><\/p>\n<p>Das Iconic Unisex-T-Shirt | Set-In \u00c4rmel | 1&#215;1-Ripp am Kragen | Nackenband innen aus gleichem Material | Doppelnaht-Steppnaht an \u00c4rmelb\u00fcndchen und Saum<\/p>\n<p><strong>Pflegehinweise:<\/strong><\/p>\n<p>\u00c4hnliche Farben zusammen waschen, nicht auf Drucken b\u00fcgeln, auf links waschen und b\u00fcgeln. Trocknen: Nicht im Trommeltrockner trocknen Waschen: 30\u00b0 B\u00fcgeln: 110\u00b0<\/p>\n<p><strong>Zusammensetzung:<\/strong><\/p>\n<p>100% gek\u00e4mmte ringgesponnene Bio-Baumwolle<\/p>\n","protected":false},"excerpt":{"rendered":"<p>bedruckt auf der Brust mit dem Bredlsport-Logo und R\u00fcckendruck<\/p>\n<p><a href=\"https:\/\/shoodies.de\/bredlsport-oberland\/wp-content\/uploads\/sites\/8\/2026\/01\/Groessentabelle-T-Shirt.jpg\">\u2192 Gr\u00f6\u00dfentabelle<\/a><\/p>\n","protected":false},"featured_media":28667,"comment_status":"open","ping_status":"closed","template":"","meta":[],"product_brand":[21],"product_cat":[49],"product_tag":[47],"class_list":{"0":"post-16120","1":"product","2":"type-product","3":"status-publish","4":"has-post-thumbnail","6":"product_brand-stanley-stella","7":"product_cat-t-shirt","8":"product_tag-mit-rueckendruck","9":"pa_farbe-aloe","10":"pa_farbe-aqua-blue","11":"pa_farbe-blue-ice","12":"pa_farbe-blue-soul","13":"pa_farbe-bright-blue","14":"pa_farbe-bubble-pink","15":"pa_farbe-cool-heather-grey","16":"pa_farbe-cotton-pink","17":"pa_farbe-desert-dust","18":"pa_farbe-eco-heather","19":"pa_farbe-fiesta","20":"pa_farbe-fraiche-peche","21":"pa_farbe-green-bay","22":"pa_farbe-heather-grey","23":"pa_farbe-heather-haze","24":"pa_farbe-heritage-brown","25":"pa_farbe-latte","26":"pa_farbe-lavender","27":"pa_farbe-lilac-dream","28":"pa_farbe-mid-heather-grey","29":"pa_farbe-mindful-blue","30":"pa_farbe-misty-jade","31":"pa_farbe-natural-raw","32":"pa_farbe-nispero","33":"pa_farbe-ochre","34":"pa_farbe-off-white","35":"pa_farbe-pool-blue","36":"pa_farbe-purple-love","37":"pa_farbe-red","38":"pa_farbe-spectra-yellow","39":"pa_farbe-stone","40":"pa_farbe-vintage-white","41":"pa_farbe-viva-yellow","42":"pa_farbe-white","44":"first","45":"instock","46":"taxable","47":"shipping-taxable","48":"purchasable","49":"product-type-variable","50":"has-default-attributes"},"jetpack_sharing_enabled":true,"_links":{"self":[{"href":"https:\/\/shoodies.de\/bredlsport-oberland\/wp-json\/wp\/v2\/product\/16120","targetHints":{"allow":["GET"]}}],"collection":[{"href":"https:\/\/shoodies.de\/bredlsport-oberland\/wp-json\/wp\/v2\/product"}],"about":[{"href":"https:\/\/shoodies.de\/bredlsport-oberland\/wp-json\/wp\/v2\/types\/product"}],"replies":[{"embeddable":true,"href":"https:\/\/shoodies.de\/bredlsport-oberland\/wp-json\/wp\/v2\/comments?post=16120"}],"version-history":[{"count":6,"href":"https:\/\/shoodies.de\/bredlsport-oberland\/wp-json\/wp\/v2\/product\/16120\/revisions"}],"predecessor-version":[{"id":29754,"href":"https:\/\/shoodies.de\/bredlsport-oberland\/wp-json\/wp\/v2\/product\/16120\/revisions\/29754"}],"wp:featuredmedia":[{"embeddable":true,"href":"https:\/\/shoodies.de\/bredlsport-oberland\/wp-json\/wp\/v2\/media\/28667"}],"wp:attachment":[{"href":"https:\/\/shoodies.de\/bredlsport-oberland\/wp-json\/wp\/v2\/media?parent=16120"}],"wp:term":[{"taxonomy":"product_brand","embeddable":true,"href":"https:\/\/shoodies.de\/bredlsport-oberland\/wp-json\/wp\/v2\/product_brand?post=16120"},{"taxonomy":"product_cat","embeddable":true,"href":"https:\/\/shoodies.de\/bredlsport-oberland\/wp-json\/wp\/v2\/product_cat?post=16120"},{"taxonomy":"product_tag","embeddable":true,"href":"https:\/\/shoodies.de\/bredlsport-oberland\/wp-json\/wp\/v2\/product_tag?post=16120"}],"curies":[{"name":"wp","href":"https:\/\/api.w.org\/{rel}","templated":true}]}}