{"id":15656,"date":"2025-11-16T16:48:55","date_gmt":"2025-11-16T15:48:55","guid":{"rendered":"https:\/\/shoodies.de\/bredlsport-oberland\/produkt\/junior-sweater-3\/"},"modified":"2026-04-20T00:44:35","modified_gmt":"2026-04-19T22:44:35","slug":"junior-sweater-3","status":"publish","type":"product","link":"https:\/\/shoodies.de\/bredlsport-oberland\/produkt\/junior-sweater-3\/","title":{"rendered":"Bredlsport Junior Sweater"},"content":{"rendered":"<p><strong>Beschreibung:<\/strong><\/p>\n<p>Das Iconic Kinder-Crewneck-Sweatshirt | Set-In \u00c4rmel | 1&#215;1-Ripp am Kragen, \u00c4rmelbund und Saum | Nackenband innen aus Single-Jersey | halbmondf\u00f6rmiger Einsatz aus gleichem Material im Nackenbereich mit 3-mm-Doppelnaht | Einfache Steppnaht am Kragen | 2-Nadel-Steppnaht mittig auf der Naht am Saum, B\u00fcndchen und Armausschnitt<\/p>\n<p><strong>Pflegehinweise:<\/strong><\/p>\n<p>\u00c4hnliche Farben zusammen waschen, nicht auf Drucken b\u00fcgeln, auf links waschen und b\u00fcgeln. Trocknen: Nicht im Trommeltrockner trocknen Waschen: 30\u00b0 B\u00fcgeln: 110\u00b0<\/p>\n<p><strong>Zusammensetzung:<\/strong><\/p>\n<p>100% gek\u00e4mmte ringgesponnene Bio-Baumwolle<\/p>\n","protected":false},"excerpt":{"rendered":"<p>bestickt auf der Brust mit dem Bredlsport-Logo und R\u00fcckendruck<\/p>\n<p><a href=\"https:\/\/shoodies.de\/bredlsport-oberland\/wp-content\/uploads\/sites\/8\/2026\/01\/Groessentabelle-Junior-Sweatshirt.jpg\">\u2192 Gr\u00f6\u00dfentabelle<\/a><\/p>\n","protected":false},"featured_media":25818,"comment_status":"open","ping_status":"closed","template":"","meta":[],"product_brand":[21],"product_cat":[42],"product_tag":[47],"class_list":{"0":"post-15656","1":"product","2":"type-product","3":"status-publish","4":"has-post-thumbnail","6":"product_brand-stanley-stella","7":"product_cat-kinder-sweatshirt","8":"product_tag-mit-rueckendruck","9":"pa_farbe-black","10":"pa_farbe-french-navy","11":"pa_farbe-glazed-green","12":"pa_farbe-khaki","13":"pa_farbe-royal-blue","14":"pa_groesse-kinder-12-13-152-158-cm","15":"pa_groesse-kinder-3-4-98-104-cm","16":"pa_groesse-kinder-5-6-110-116-cm","17":"pa_groesse-kinder-7-8-122-128-cm","18":"pa_groesse-kinder-9-11-134-146-cm","20":"first","21":"instock","22":"taxable","23":"shipping-taxable","24":"purchasable","25":"product-type-variable","26":"has-default-attributes"},"jetpack_sharing_enabled":true,"_links":{"self":[{"href":"https:\/\/shoodies.de\/bredlsport-oberland\/wp-json\/wp\/v2\/product\/15656","targetHints":{"allow":["GET"]}}],"collection":[{"href":"https:\/\/shoodies.de\/bredlsport-oberland\/wp-json\/wp\/v2\/product"}],"about":[{"href":"https:\/\/shoodies.de\/bredlsport-oberland\/wp-json\/wp\/v2\/types\/product"}],"replies":[{"embeddable":true,"href":"https:\/\/shoodies.de\/bredlsport-oberland\/wp-json\/wp\/v2\/comments?post=15656"}],"version-history":[{"count":9,"href":"https:\/\/shoodies.de\/bredlsport-oberland\/wp-json\/wp\/v2\/product\/15656\/revisions"}],"predecessor-version":[{"id":29766,"href":"https:\/\/shoodies.de\/bredlsport-oberland\/wp-json\/wp\/v2\/product\/15656\/revisions\/29766"}],"wp:featuredmedia":[{"embeddable":true,"href":"https:\/\/shoodies.de\/bredlsport-oberland\/wp-json\/wp\/v2\/media\/25818"}],"wp:attachment":[{"href":"https:\/\/shoodies.de\/bredlsport-oberland\/wp-json\/wp\/v2\/media?parent=15656"}],"wp:term":[{"taxonomy":"product_brand","embeddable":true,"href":"https:\/\/shoodies.de\/bredlsport-oberland\/wp-json\/wp\/v2\/product_brand?post=15656"},{"taxonomy":"product_cat","embeddable":true,"href":"https:\/\/shoodies.de\/bredlsport-oberland\/wp-json\/wp\/v2\/product_cat?post=15656"},{"taxonomy":"product_tag","embeddable":true,"href":"https:\/\/shoodies.de\/bredlsport-oberland\/wp-json\/wp\/v2\/product_tag?post=15656"}],"curies":[{"name":"wp","href":"https:\/\/api.w.org\/{rel}","templated":true}]}}