{"id":15108,"date":"2025-11-16T16:31:58","date_gmt":"2025-11-16T15:31:58","guid":{"rendered":"https:\/\/shoodies.de\/bredlsport-oberland\/produkt\/junior-hoodie-2\/"},"modified":"2026-04-22T00:51:50","modified_gmt":"2026-04-21T22:51:50","slug":"junior-hoodie-2","status":"publish","type":"product","link":"https:\/\/shoodies.de\/bredlsport-oberland\/produkt\/junior-hoodie-2\/","title":{"rendered":"Bredlsport Junior Hoodie"},"content":{"rendered":"<p><strong>Beschreibung:<\/strong><\/p>\n<p>Das Iconic Kinder-Hoodie-Sweatshirt | Set-In \u00c4rmel | Doppelt gef\u00fctterte Kapuze aus gleichem Material | Nackenband innen aus Single-Jersey | halbmondf\u00f6rmiger Einsatz aus gleichem Material im Nackenbereich mit 3-mm-Doppelnaht | Einfache Steppnaht am Halsausschnittrand | 1&#215;1-Ripp an \u00c4rmel- und Saumbund | 2-Nadel-Steppnaht mittig auf der Naht am Saum, B\u00fcndchen und Armausschnitt | K\u00e4ngurutasche mit 3-mm-Steppnaht<\/p>\n<p><strong>Pflegehinweise:<\/strong><\/p>\n<p>\u00c4hnliche Farben zusammen waschen, nicht auf Drucken b\u00fcgeln, auf links waschen und b\u00fcgeln. Trocknen: Nicht im Trommeltrockner trocknen Waschen: 30\u00b0 B\u00fcgeln: 110\u00b0<\/p>\n<p><strong>Zusammensetzung:<\/strong><\/p>\n<p>100% gek\u00e4mmte ringgesponnene Bio-Baumwolle<\/p>\n","protected":false},"excerpt":{"rendered":"<p>bestickt auf der Brust mit dem Bredlsport-Logo und R\u00fcckendruck<\/p>\n<p><a href=\"https:\/\/shoodies.de\/bredlsport-oberland\/wp-content\/uploads\/sites\/8\/2026\/01\/Groessentabelle-Junior-Hoodie.jpg\">\u2192 Gr\u00f6\u00dfentabelle<\/a><\/p>\n","protected":false},"featured_media":25861,"comment_status":"open","ping_status":"closed","template":"","meta":[],"product_brand":[21],"product_cat":[43],"product_tag":[47],"class_list":{"0":"post-15108","1":"product","2":"type-product","3":"status-publish","4":"has-post-thumbnail","6":"product_brand-stanley-stella","7":"product_cat-kinder-hoodie","8":"product_tag-mit-rueckendruck","9":"pa_farbe-black","10":"pa_farbe-burgundy","11":"pa_farbe-fiesta","12":"pa_farbe-french-navy","13":"pa_farbe-glazed-green","14":"pa_farbe-khaki","15":"pa_farbe-royal-blue","16":"pa_groesse-kinder-12-13-152-158-cm","17":"pa_groesse-kinder-3-4-98-104-cm","18":"pa_groesse-kinder-5-6-110-116-cm","19":"pa_groesse-kinder-7-8-122-128-cm","20":"pa_groesse-kinder-9-11-134-146-cm","22":"first","23":"instock","24":"taxable","25":"shipping-taxable","26":"purchasable","27":"product-type-variable","28":"has-default-attributes"},"jetpack_sharing_enabled":true,"_links":{"self":[{"href":"https:\/\/shoodies.de\/bredlsport-oberland\/wp-json\/wp\/v2\/product\/15108","targetHints":{"allow":["GET"]}}],"collection":[{"href":"https:\/\/shoodies.de\/bredlsport-oberland\/wp-json\/wp\/v2\/product"}],"about":[{"href":"https:\/\/shoodies.de\/bredlsport-oberland\/wp-json\/wp\/v2\/types\/product"}],"replies":[{"embeddable":true,"href":"https:\/\/shoodies.de\/bredlsport-oberland\/wp-json\/wp\/v2\/comments?post=15108"}],"version-history":[{"count":5,"href":"https:\/\/shoodies.de\/bredlsport-oberland\/wp-json\/wp\/v2\/product\/15108\/revisions"}],"predecessor-version":[{"id":29763,"href":"https:\/\/shoodies.de\/bredlsport-oberland\/wp-json\/wp\/v2\/product\/15108\/revisions\/29763"}],"wp:featuredmedia":[{"embeddable":true,"href":"https:\/\/shoodies.de\/bredlsport-oberland\/wp-json\/wp\/v2\/media\/25861"}],"wp:attachment":[{"href":"https:\/\/shoodies.de\/bredlsport-oberland\/wp-json\/wp\/v2\/media?parent=15108"}],"wp:term":[{"taxonomy":"product_brand","embeddable":true,"href":"https:\/\/shoodies.de\/bredlsport-oberland\/wp-json\/wp\/v2\/product_brand?post=15108"},{"taxonomy":"product_cat","embeddable":true,"href":"https:\/\/shoodies.de\/bredlsport-oberland\/wp-json\/wp\/v2\/product_cat?post=15108"},{"taxonomy":"product_tag","embeddable":true,"href":"https:\/\/shoodies.de\/bredlsport-oberland\/wp-json\/wp\/v2\/product_tag?post=15108"}],"curies":[{"name":"wp","href":"https:\/\/api.w.org\/{rel}","templated":true}]}}