{"id":14845,"date":"2025-11-16T16:21:21","date_gmt":"2025-11-16T15:21:21","guid":{"rendered":"https:\/\/shoodies.de\/bredlsport-oberland\/produkt\/junior-hoodie\/"},"modified":"2026-04-16T00:55:59","modified_gmt":"2026-04-15T22:55:59","slug":"junior-hoodie","status":"publish","type":"product","link":"https:\/\/shoodies.de\/bredlsport-oberland\/produkt\/junior-hoodie\/","title":{"rendered":"Bredlsport Junior Hoodie"},"content":{"rendered":"<p><strong>Beschreibung:<br \/>\n<\/strong>Das Iconic Kinder-Hoodie-Sweatshirt | Set-In \u00c4rmel | Doppelt gef\u00fctterte Kapuze aus gleichem Material | Nackenband innen aus Single-Jersey | halbmondf\u00f6rmiger Einsatz aus gleichem Material im Nackenbereich mit 3-mm-Doppelnaht | Einfache Steppnaht am Halsausschnittrand | 1&#215;1-Ripp an \u00c4rmel- und Saum und | 2-Nadel-Steppnaht mittig auf der Naht am Saum, B\u00fcndchen und Armausschnitt | K\u00e4ngurutasche mit 3-mm-Steppnaht<\/p>\n<p><strong>Pflegehinweise:<br \/>\n<\/strong>\u00c4hnliche Farben zusammen waschen, nicht auf Drucken b\u00fcgeln, auf links waschen und b\u00fcgeln. Trocknen: Nicht im Trommeltrockner trocknen Waschen: 30\u00b0 B\u00fcgeln: 110\u00b0<\/p>\n<p><strong>Zusammensetzung:<br \/>\n<\/strong>100% gek\u00e4mmte ringgesponnene Bio-Baumwolle<\/p>\n","protected":false},"excerpt":{"rendered":"<p>bestickt auf der Brust mit dem Bredlsport-Logo<\/p>\n<p><a href=\"https:\/\/shoodies.de\/bredlsport-oberland\/wp-content\/uploads\/sites\/8\/2026\/01\/Groessentabelle-Junior-Hoodie.jpg\">\u2192 Gr\u00f6\u00dfentabelle<\/a><\/p>\n","protected":false},"featured_media":25238,"comment_status":"open","ping_status":"closed","template":"","meta":[],"product_brand":[21],"product_cat":[43],"product_tag":[46],"class_list":{"0":"post-14845","1":"product","2":"type-product","3":"status-publish","4":"has-post-thumbnail","6":"product_brand-stanley-stella","7":"product_cat-kinder-hoodie","8":"product_tag-ohne-rueckendruck","9":"pa_farbe-anthracite","10":"pa_farbe-black","11":"pa_farbe-burgundy","12":"pa_farbe-fiesta","13":"pa_farbe-french-navy","14":"pa_farbe-glazed-green","15":"pa_farbe-khaki","16":"pa_farbe-royal-blue","17":"pa_groesse-kinder-12-13-152-158-cm","18":"pa_groesse-kinder-3-4-98-104-cm","19":"pa_groesse-kinder-5-6-110-116-cm","20":"pa_groesse-kinder-7-8-122-128-cm","21":"pa_groesse-kinder-9-11-134-146-cm","23":"first","24":"instock","25":"taxable","26":"shipping-taxable","27":"purchasable","28":"product-type-variable","29":"has-default-attributes"},"jetpack_sharing_enabled":true,"_links":{"self":[{"href":"https:\/\/shoodies.de\/bredlsport-oberland\/wp-json\/wp\/v2\/product\/14845","targetHints":{"allow":["GET"]}}],"collection":[{"href":"https:\/\/shoodies.de\/bredlsport-oberland\/wp-json\/wp\/v2\/product"}],"about":[{"href":"https:\/\/shoodies.de\/bredlsport-oberland\/wp-json\/wp\/v2\/types\/product"}],"replies":[{"embeddable":true,"href":"https:\/\/shoodies.de\/bredlsport-oberland\/wp-json\/wp\/v2\/comments?post=14845"}],"version-history":[{"count":7,"href":"https:\/\/shoodies.de\/bredlsport-oberland\/wp-json\/wp\/v2\/product\/14845\/revisions"}],"predecessor-version":[{"id":29764,"href":"https:\/\/shoodies.de\/bredlsport-oberland\/wp-json\/wp\/v2\/product\/14845\/revisions\/29764"}],"wp:featuredmedia":[{"embeddable":true,"href":"https:\/\/shoodies.de\/bredlsport-oberland\/wp-json\/wp\/v2\/media\/25238"}],"wp:attachment":[{"href":"https:\/\/shoodies.de\/bredlsport-oberland\/wp-json\/wp\/v2\/media?parent=14845"}],"wp:term":[{"taxonomy":"product_brand","embeddable":true,"href":"https:\/\/shoodies.de\/bredlsport-oberland\/wp-json\/wp\/v2\/product_brand?post=14845"},{"taxonomy":"product_cat","embeddable":true,"href":"https:\/\/shoodies.de\/bredlsport-oberland\/wp-json\/wp\/v2\/product_cat?post=14845"},{"taxonomy":"product_tag","embeddable":true,"href":"https:\/\/shoodies.de\/bredlsport-oberland\/wp-json\/wp\/v2\/product_tag?post=14845"}],"curies":[{"name":"wp","href":"https:\/\/api.w.org\/{rel}","templated":true}]}}